{"id":209,"date":"2026-05-03T20:19:54","date_gmt":"2026-05-03T20:19:54","guid":{"rendered":"https:\/\/mariemourant.com\/?page_id=209"},"modified":"2026-05-03T20:54:13","modified_gmt":"2026-05-03T20:54:13","slug":"biographie","status":"publish","type":"page","link":"https:\/\/mariemourant.com\/index.php\/biographie\/","title":{"rendered":""},"content":{"rendered":"<nav class=\"has-text-color has-contrast-light-color has-background has-contrast-dark-background-color has-superbfont-xsmall-font-size items-justified-center wp-block-navigation is-horizontal is-content-justification-center is-layout-flex wp-container-core-navigation-is-layout-77b18e6d wp-block-navigation-is-layout-flex\" aria-label=\"menu Ent\u00eate\"><ul class=\"wp-block-navigation__container has-text-color has-contrast-light-color has-background has-contrast-dark-background-color has-superbfont-xsmall-font-size items-justified-center wp-block-navigation has-superbfont-xsmall-font-size\"><li class=\"has-superbfont-xsmall-font-size wp-block-navigation-item wp-block-navigation-link\"><a class=\"wp-block-navigation-item__content\"  href=\"#\"><span class=\"wp-block-navigation-item__label\"><mark class=\"has-inline-color has-contrast-light-color\">Reportage<\/mark><\/span><\/a><\/li><li class=\"has-superbfont-xsmall-font-size wp-block-navigation-item wp-block-navigation-link\"><a class=\"wp-block-navigation-item__content\"  href=\"#\"><span class=\"wp-block-navigation-item__label\">Sous-Marin<\/span><\/a><\/li><li class=\"has-superbfont-xsmall-font-size wp-block-navigation-item wp-block-navigation-link\"><a class=\"wp-block-navigation-item__content\"  href=\"https:\/\/mariemourant.com\/index.php\/contact\/\"><span class=\"wp-block-navigation-item__label\">Contact<\/span><\/a><\/li><li class=\"has-superbfont-xsmall-font-size wp-block-navigation-item wp-block-navigation-link\"><a class=\"wp-block-navigation-item__content\"  href=\"https:\/\/mariemourant.com\/index.php\/biographie\/\"><span class=\"wp-block-navigation-item__label\">Biographie<\/span><\/a><\/li><\/ul><\/nav>\n\n\n<div class=\"wp-block-columns alignwide is-layout-flex wp-container-core-columns-is-layout-25593187 wp-block-columns-is-layout-flex\">\n<div class=\"wp-block-column is-vertically-aligned-center is-layout-flow wp-container-core-column-is-layout-a1628350 wp-block-column-is-layout-flow\" style=\"padding-top:0;padding-right:0;padding-bottom:0;padding-left:0\">\n<div class=\"wp-block-group is-layout-flow wp-container-core-group-is-layout-ff697075 wp-block-group-is-layout-flow\">\n<p><\/p>\n\n\n\n<h3 class=\"wp-block-heading has-text-align-left has-superbfont-xlarge-font-size\" style=\"font-style:normal;font-weight:600\"><mark style=\"background-color:rgba(0, 0, 0, 0)\" class=\"has-inline-color has-mono-4-color\">Biographie<\/mark><\/h3>\n\n\n\n<p class=\"has-text-align-left has-mono-2-color has-text-color has-superbfont-small-font-size\"><mark style=\"background-color:rgba(0, 0, 0, 0)\" class=\"has-inline-color has-mono-4-color\">Je m\u2019appelle Marie-Charlotte Mourant et je suis en troisi\u00e8me ann\u00e9e de Bachelor Photo \u00e0 l\u2019\u00e9cole de Cond\u00e9 \u00e0 Nancy.<br>La photographie est pour moi le moyen de m\u2019exprimer. La photographie est pr\u00e9sente pour aller au-del\u00e0 de la parole, elle t\u00e9moigne du monde; c\u2019est pourquoi je me sers de ce m\u00e9dium pour montrer et sensibiliser.<br>J\u2019ai commenc\u00e9 la photographie par le reportage pour peu \u00e0 peu \u00e9tendre ma pratique au domaine du sous-marin.<br>Ce qui me plait, c\u2019est l\u2019approche de l\u2019inconnu. Etre sur le terrain, faire des rencontres.<br>Selon moi, photographier, ce n\u2019est pas juste observer \u00e0 travers un objectif et un \u00e9cran. C\u2019est \u00eatre l\u00e0, au c\u0153ur de l\u2019action, la vivre et d\u00e9cider de quel regard apporter avant de susciter la r\u00e9action chez autrui.<\/mark><\/p>\n\n\n\n<p class=\"has-text-align-left has-mono-2-color has-text-color has-superbfont-small-font-size\"><\/p>\n\n\n\n<p class=\"has-text-align-left has-mono-2-color has-text-color has-superbfont-small-font-size\"><\/p>\n\n\n\n<p class=\"has-text-align-left has-mono-2-color has-text-color has-superbfont-small-font-size\"><\/p>\n<\/div>\n<\/div>\n\n\n\n<div class=\"wp-block-column is-vertically-aligned-center is-layout-flow wp-container-core-column-is-layout-40a2a7e8 wp-block-column-is-layout-flow\" style=\"padding-right:0;padding-bottom:0;padding-left:0\"><\/div>\n<\/div>\n","protected":false},"excerpt":{"rendered":"<p>Biographie Je m\u2019appelle Marie-Charlotte Mourant et je suis en troisi\u00e8me ann\u00e9e de Bachelor Photo \u00e0 l\u2019\u00e9cole de Cond\u00e9 \u00e0 Nancy.La photographie est pour moi le moyen de m\u2019exprimer. La photographie est pr\u00e9sente pour aller au-del\u00e0 de la parole, elle t\u00e9moigne du monde; c\u2019est pourquoi je me sers de ce m\u00e9dium pour montrer et sensibiliser.J\u2019ai commenc\u00e9 [&hellip;]<\/p>\n","protected":false},"author":1,"featured_media":0,"parent":0,"menu_order":0,"comment_status":"closed","ping_status":"closed","template":"","meta":{"footnotes":""},"class_list":["post-209","page","type-page","status-publish","hentry"],"_links":{"self":[{"href":"https:\/\/mariemourant.com\/index.php\/wp-json\/wp\/v2\/pages\/209","targetHints":{"allow":["GET"]}}],"collection":[{"href":"https:\/\/mariemourant.com\/index.php\/wp-json\/wp\/v2\/pages"}],"about":[{"href":"https:\/\/mariemourant.com\/index.php\/wp-json\/wp\/v2\/types\/page"}],"author":[{"embeddable":true,"href":"https:\/\/mariemourant.com\/index.php\/wp-json\/wp\/v2\/users\/1"}],"replies":[{"embeddable":true,"href":"https:\/\/mariemourant.com\/index.php\/wp-json\/wp\/v2\/comments?post=209"}],"version-history":[{"count":3,"href":"https:\/\/mariemourant.com\/index.php\/wp-json\/wp\/v2\/pages\/209\/revisions"}],"predecessor-version":[{"id":242,"href":"https:\/\/mariemourant.com\/index.php\/wp-json\/wp\/v2\/pages\/209\/revisions\/242"}],"wp:attachment":[{"href":"https:\/\/mariemourant.com\/index.php\/wp-json\/wp\/v2\/media?parent=209"}],"curies":[{"name":"wp","href":"https:\/\/api.w.org\/{rel}","templated":true}]}}