{"id":20,"date":"2026-04-07T07:42:34","date_gmt":"2026-04-07T07:42:34","guid":{"rendered":"https:\/\/mariemourant.com\/?page_id=20"},"modified":"2026-05-03T21:01:49","modified_gmt":"2026-05-03T21:01:49","slug":"minuit","status":"publish","type":"page","link":"https:\/\/mariemourant.com\/index.php\/minuit\/","title":{"rendered":""},"content":{"rendered":"<nav class=\"has-text-color has-contrast-light-color has-background has-contrast-dark-background-color has-superbfont-xsmall-font-size items-justified-center wp-block-navigation is-horizontal is-content-justification-center is-layout-flex wp-container-core-navigation-is-layout-77b18e6d wp-block-navigation-is-layout-flex\" aria-label=\"menu Ent\u00eate\"><ul class=\"wp-block-navigation__container has-text-color has-contrast-light-color has-background has-contrast-dark-background-color has-superbfont-xsmall-font-size items-justified-center wp-block-navigation has-superbfont-xsmall-font-size\"><li class=\"has-superbfont-xsmall-font-size wp-block-navigation-item wp-block-navigation-link\"><a class=\"wp-block-navigation-item__content\"  href=\"#\"><span class=\"wp-block-navigation-item__label\"><mark class=\"has-inline-color has-contrast-light-color\">Reportage<\/mark><\/span><\/a><\/li><li class=\"has-superbfont-xsmall-font-size wp-block-navigation-item wp-block-navigation-link\"><a class=\"wp-block-navigation-item__content\"  href=\"#\"><span class=\"wp-block-navigation-item__label\">Sous-Marin<\/span><\/a><\/li><li class=\"has-superbfont-xsmall-font-size wp-block-navigation-item wp-block-navigation-link\"><a class=\"wp-block-navigation-item__content\"  href=\"https:\/\/mariemourant.com\/index.php\/contact\/\"><span class=\"wp-block-navigation-item__label\">Contact<\/span><\/a><\/li><li class=\"has-superbfont-xsmall-font-size wp-block-navigation-item wp-block-navigation-link\"><a class=\"wp-block-navigation-item__content\"  href=\"https:\/\/mariemourant.com\/index.php\/biographie\/\"><span class=\"wp-block-navigation-item__label\">Biographie<\/span><\/a><\/li><\/ul><\/nav>\n\n\n<div class=\"wp-block-group has-contrast-light-color has-contrast-dark-background-color has-text-color has-background has-link-color wp-elements-8ed033b34add1a90e75bcca3ff8098c6 has-global-padding is-content-justification-left is-layout-constrained wp-container-core-group-is-layout-66731fd7 wp-block-group-is-layout-constrained\" style=\"margin-top:0;margin-bottom:0;padding-top:0;padding-right:0;padding-bottom:0;padding-left:0\">\n<div class=\"wp-block-cover\" style=\"border-style:none;border-width:0px;border-top-left-radius:0px;border-top-right-radius:0px;border-bottom-left-radius:0px;border-bottom-right-radius:0px;margin-top:var(--wp--preset--spacing--superbspacing-xsmall);margin-bottom:var(--wp--preset--spacing--superbspacing-xsmall);padding-top:var(--wp--preset--spacing--superbspacing-large);padding-right:0;padding-bottom:var(--wp--preset--spacing--superbspacing-large);padding-left:0;min-height:338px;aspect-ratio:unset;\"><img decoding=\"async\" class=\"wp-block-cover__image-background wp-image-45 size-full\" alt=\"\" src=\"http:\/\/mariemourant.com\/wp-content\/uploads\/2026\/04\/marie-charlotte-mourant-photographer-sous-marin-reportage-nancy-hyeres-usine11.jpg\" style=\"object-position:57% 60%\" data-object-fit=\"cover\" data-object-position=\"57% 60%\"\/><span aria-hidden=\"true\" class=\"wp-block-cover__background has-background-dim-40 has-background-dim\" style=\"background-color:#4f5052\"><\/span><div class=\"wp-block-cover__inner-container is-layout-flow wp-container-core-cover-is-layout-c9fa3369 wp-block-cover-is-layout-flow\">\n<div class=\"wp-block-group has-global-padding is-layout-constrained wp-container-core-group-is-layout-27ec71c5 wp-block-group-is-layout-constrained\" style=\"padding-top:0;padding-right:var(--wp--preset--spacing--superbspacing-small);padding-bottom:0;padding-left:var(--wp--preset--spacing--superbspacing-small)\">\n<div class=\"wp-block-group has-global-padding is-content-justification-center is-layout-constrained wp-container-core-group-is-layout-32b5ec3b wp-block-group-is-layout-constrained\" style=\"margin-top:0;margin-bottom:0\">\n<h1 class=\"wp-block-heading has-text-align-center has-text-color has-superbfont-xxlarge-font-size\" style=\"color:#fdfdfd;font-style:normal;font-weight:400\">Minuit<\/h1>\n\n\n\n<p class=\"has-text-align-center has-text-color has-superbfont-small-font-size\" style=\"color:#fdfdfd;margin-bottom:var(--wp--preset--spacing--superbspacing-small)\"><\/p>\n<\/div>\n<\/div>\n<\/div><\/div>\n<\/div>\n\n\n\n<p><\/p>\n\n\n\n<p><\/p>\n\n\n\n<div class=\"wp-block-group has-contrast-light-color has-contrast-dark-background-color has-text-color has-background has-link-color wp-elements-8771aae9c16ebc75a94e518d21b1fe18 has-global-padding is-content-justification-left is-layout-constrained wp-container-core-group-is-layout-66731fd7 wp-block-group-is-layout-constrained\" style=\"margin-top:0;margin-bottom:0;padding-top:0;padding-right:0;padding-bottom:0;padding-left:0\">\n<figure class=\"wp-block-gallery has-nested-images columns-default is-cropped wp-block-gallery-1 is-layout-flex wp-block-gallery-is-layout-flex\" style=\"border-style:none;border-width:0px;border-top-left-radius:0px;border-top-right-radius:0px;border-bottom-left-radius:0px;border-bottom-right-radius:0px\">\n<figure class=\"wp-block-image size-large has-custom-border\"><img loading=\"lazy\" decoding=\"async\" width=\"1024\" height=\"683\" data-id=\"34\" src=\"http:\/\/mariemourant.com\/wp-content\/uploads\/2026\/04\/marie-charlotte-mourant-photographer-sous-marin-reportage-nancy-hyeres-usine1-1024x683.jpg\" alt=\"\" class=\"wp-image-34\" style=\"border-radius:5px\" srcset=\"https:\/\/mariemourant.com\/wp-content\/uploads\/2026\/04\/marie-charlotte-mourant-photographer-sous-marin-reportage-nancy-hyeres-usine1-1024x683.jpg 1024w, https:\/\/mariemourant.com\/wp-content\/uploads\/2026\/04\/marie-charlotte-mourant-photographer-sous-marin-reportage-nancy-hyeres-usine1-300x200.jpg 300w, https:\/\/mariemourant.com\/wp-content\/uploads\/2026\/04\/marie-charlotte-mourant-photographer-sous-marin-reportage-nancy-hyeres-usine1-768x512.jpg 768w, https:\/\/mariemourant.com\/wp-content\/uploads\/2026\/04\/marie-charlotte-mourant-photographer-sous-marin-reportage-nancy-hyeres-usine1-1536x1025.jpg 1536w, https:\/\/mariemourant.com\/wp-content\/uploads\/2026\/04\/marie-charlotte-mourant-photographer-sous-marin-reportage-nancy-hyeres-usine1-2048x1366.jpg 2048w\" sizes=\"auto, (max-width: 1024px) 100vw, 1024px\" \/><\/figure>\n\n\n\n<figure class=\"wp-block-image size-large has-custom-border is-style-default\"><img loading=\"lazy\" decoding=\"async\" width=\"1024\" height=\"683\" data-id=\"35\" src=\"http:\/\/mariemourant.com\/wp-content\/uploads\/2026\/04\/marie-charlotte-mourant-photographer-sous-marin-reportage-nancy-hyeres-usine2-1024x683.jpg\" alt=\"\" class=\"wp-image-35\" style=\"border-radius:5px\" srcset=\"https:\/\/mariemourant.com\/wp-content\/uploads\/2026\/04\/marie-charlotte-mourant-photographer-sous-marin-reportage-nancy-hyeres-usine2-1024x683.jpg 1024w, https:\/\/mariemourant.com\/wp-content\/uploads\/2026\/04\/marie-charlotte-mourant-photographer-sous-marin-reportage-nancy-hyeres-usine2-300x200.jpg 300w, https:\/\/mariemourant.com\/wp-content\/uploads\/2026\/04\/marie-charlotte-mourant-photographer-sous-marin-reportage-nancy-hyeres-usine2-768x512.jpg 768w, https:\/\/mariemourant.com\/wp-content\/uploads\/2026\/04\/marie-charlotte-mourant-photographer-sous-marin-reportage-nancy-hyeres-usine2-1536x1025.jpg 1536w\" sizes=\"auto, (max-width: 1024px) 100vw, 1024px\" \/><\/figure>\n\n\n\n<figure class=\"wp-block-image size-large has-custom-border\"><img loading=\"lazy\" decoding=\"async\" width=\"1024\" height=\"683\" data-id=\"38\" src=\"http:\/\/mariemourant.com\/wp-content\/uploads\/2026\/04\/marie-charlotte-mourant-photographer-sous-marin-reportage-nancy-hyeres-usine5-1024x683.jpg\" alt=\"\" class=\"wp-image-38\" style=\"border-radius:5px\" srcset=\"https:\/\/mariemourant.com\/wp-content\/uploads\/2026\/04\/marie-charlotte-mourant-photographer-sous-marin-reportage-nancy-hyeres-usine5-1024x683.jpg 1024w, https:\/\/mariemourant.com\/wp-content\/uploads\/2026\/04\/marie-charlotte-mourant-photographer-sous-marin-reportage-nancy-hyeres-usine5-300x200.jpg 300w, https:\/\/mariemourant.com\/wp-content\/uploads\/2026\/04\/marie-charlotte-mourant-photographer-sous-marin-reportage-nancy-hyeres-usine5-768x512.jpg 768w, https:\/\/mariemourant.com\/wp-content\/uploads\/2026\/04\/marie-charlotte-mourant-photographer-sous-marin-reportage-nancy-hyeres-usine5-1536x1025.jpg 1536w, https:\/\/mariemourant.com\/wp-content\/uploads\/2026\/04\/marie-charlotte-mourant-photographer-sous-marin-reportage-nancy-hyeres-usine5-2048x1366.jpg 2048w\" sizes=\"auto, (max-width: 1024px) 100vw, 1024px\" \/><\/figure>\n\n\n\n<figure class=\"wp-block-image size-full has-custom-border\"><img decoding=\"async\" data-id=\"37\" src=\"http:\/\/mariemourant.com\/wp-content\/uploads\/2026\/04\/marie-charlotte-mourant-photographer-sous-marin-reportage-nancy-hyeres-usine4.jpg\" alt=\"\" class=\"wp-image-37\" style=\"border-radius:5px\"\/><\/figure>\n\n\n\n<figure class=\"wp-block-image size-large has-custom-border\"><img loading=\"lazy\" decoding=\"async\" width=\"1024\" height=\"683\" data-id=\"41\" src=\"http:\/\/mariemourant.com\/wp-content\/uploads\/2026\/04\/marie-charlotte-mourant-photographer-sous-marin-reportage-nancy-hyeres-usine7-1024x683.jpg\" alt=\"\" class=\"wp-image-41\" style=\"border-radius:5px\" srcset=\"https:\/\/mariemourant.com\/wp-content\/uploads\/2026\/04\/marie-charlotte-mourant-photographer-sous-marin-reportage-nancy-hyeres-usine7-1024x683.jpg 1024w, https:\/\/mariemourant.com\/wp-content\/uploads\/2026\/04\/marie-charlotte-mourant-photographer-sous-marin-reportage-nancy-hyeres-usine7-300x200.jpg 300w, https:\/\/mariemourant.com\/wp-content\/uploads\/2026\/04\/marie-charlotte-mourant-photographer-sous-marin-reportage-nancy-hyeres-usine7-768x512.jpg 768w, https:\/\/mariemourant.com\/wp-content\/uploads\/2026\/04\/marie-charlotte-mourant-photographer-sous-marin-reportage-nancy-hyeres-usine7-1536x1025.jpg 1536w\" sizes=\"auto, (max-width: 1024px) 100vw, 1024px\" \/><\/figure>\n\n\n\n<figure class=\"wp-block-image size-full has-custom-border is-style-default\" style=\"margin-top:0;margin-right:0;margin-bottom:0;margin-left:0\"><img decoding=\"async\" data-id=\"39\" src=\"http:\/\/mariemourant.com\/wp-content\/uploads\/2026\/04\/marie-charlotte-mourant-photographer-sous-marin-reportage-nancy-hyeres-usine6.jpg\" alt=\"\" class=\"wp-image-39\" style=\"border-style:none;border-width:0px;border-top-left-radius:0px;border-top-right-radius:0px;border-bottom-left-radius:0px;border-bottom-right-radius:0px\"\/><\/figure>\n\n\n\n<figure class=\"wp-block-image size-full has-custom-border\"><img decoding=\"async\" data-id=\"45\" src=\"http:\/\/mariemourant.com\/wp-content\/uploads\/2026\/04\/marie-charlotte-mourant-photographer-sous-marin-reportage-nancy-hyeres-usine11.jpg\" alt=\"\" class=\"wp-image-45\" style=\"border-radius:5px\"\/><\/figure>\n\n\n\n<figure class=\"wp-block-image size-full has-custom-border\" style=\"margin-right:0;margin-left:0\"><img decoding=\"async\" data-id=\"42\" src=\"http:\/\/mariemourant.com\/wp-content\/uploads\/2026\/04\/marie-charlotte-mourant-photographer-sous-marin-reportage-nancy-hyeres-usine8.jpg\" alt=\"\" class=\"wp-image-42\" style=\"border-radius:5px\"\/><\/figure>\n\n\n\n<figure class=\"wp-block-image aligncenter size-full has-custom-border\"><img decoding=\"async\" data-id=\"43\" src=\"http:\/\/mariemourant.com\/wp-content\/uploads\/2026\/04\/marie-charlotte-mourant-photographer-sous-marin-reportage-nancy-hyeres-usine9.jpg\" alt=\"\" class=\"wp-image-43\" style=\"border-radius:5px\"\/><\/figure>\n<\/figure>\n\n\n\n<p>Quand on parle d\u2019une usine, on pense au b\u00e2timent et aux produits qui en sortent. La condition ouvri\u00e8re est dissimul\u00e9e derri\u00e8res des informations concernant les locaux.<br>Moi, je veux glorifier un m\u00e9tier tapi dans l\u2019ombre et mettre en lumi\u00e8re les conditions difficiles dans un lieu tr\u00e8s photog\u00e9-nique. Depuis toujours , j\u2019entends les r\u00e9cits de mon grand-p\u00e8re et de ma m\u00e8re sur ces lieux et leurs conditions de travail. \u00e0 la fonderie, le m\u00e9tal chauffe, les locaux sont \u00e9touffants. D\u2019autres endroits \u00e9loign\u00e9s de la fusion et les ext\u00e9rieurs sont froids en hiver. La poussi\u00e8re incruste les moindres recoins de l\u2019usine, des ouvriers travaillent la nuit.<br>Minuit, c\u2019est l\u2019heure du basculement de la nuit vers la journ\u00e9e suivante ; mais pour eux c\u2019est la continuit\u00e9 de leur journ\u00e9e.<\/p>\n<\/div>\n","protected":false},"excerpt":{"rendered":"<p>Quand on parle d\u2019une usine, on pense au b\u00e2timent et aux produits qui en sortent. La condition ouvri\u00e8re est dissimul\u00e9e derri\u00e8res des informations concernant les locaux.Moi, je veux glorifier un m\u00e9tier tapi dans l\u2019ombre et mettre en lumi\u00e8re les conditions difficiles dans un lieu tr\u00e8s photog\u00e9-nique. Depuis toujours , j\u2019entends les r\u00e9cits de mon grand-p\u00e8re [&hellip;]<\/p>\n","protected":false},"author":1,"featured_media":0,"parent":0,"menu_order":0,"comment_status":"closed","ping_status":"closed","template":"","meta":{"footnotes":""},"class_list":["post-20","page","type-page","status-publish","hentry"],"_links":{"self":[{"href":"https:\/\/mariemourant.com\/index.php\/wp-json\/wp\/v2\/pages\/20","targetHints":{"allow":["GET"]}}],"collection":[{"href":"https:\/\/mariemourant.com\/index.php\/wp-json\/wp\/v2\/pages"}],"about":[{"href":"https:\/\/mariemourant.com\/index.php\/wp-json\/wp\/v2\/types\/page"}],"author":[{"embeddable":true,"href":"https:\/\/mariemourant.com\/index.php\/wp-json\/wp\/v2\/users\/1"}],"replies":[{"embeddable":true,"href":"https:\/\/mariemourant.com\/index.php\/wp-json\/wp\/v2\/comments?post=20"}],"version-history":[{"count":29,"href":"https:\/\/mariemourant.com\/index.php\/wp-json\/wp\/v2\/pages\/20\/revisions"}],"predecessor-version":[{"id":251,"href":"https:\/\/mariemourant.com\/index.php\/wp-json\/wp\/v2\/pages\/20\/revisions\/251"}],"wp:attachment":[{"href":"https:\/\/mariemourant.com\/index.php\/wp-json\/wp\/v2\/media?parent=20"}],"curies":[{"name":"wp","href":"https:\/\/api.w.org\/{rel}","templated":true}]}}